{"id":31,"date":"2025-09-08T20:42:48","date_gmt":"2025-09-08T18:42:48","guid":{"rendered":"https:\/\/solidaridadautogestion.noblogs.org\/?page_id=31"},"modified":"2025-10-14T16:10:52","modified_gmt":"2025-10-14T14:10:52","slug":"crida","status":"publish","type":"page","link":"https:\/\/solidaridadautogestion.noblogs.org\/ca\/crida\/","title":{"rendered":"Crida"},"content":{"rendered":"\n<p><strong>Conformaci\u00f3 i crida a integrar el Comit\u00e8 Internacional de Solidaritat amb l&#8217;Autogesti\u00f3 a l&#8217;Argentina<\/strong><\/p>\n\n\n\n<p>Les empreses recuperades pels seus treballadors de l&#8217;Argentina s\u00f3n el moviment contemporani m\u00e9s emblem\u00e0tic d&#8217;autogesti\u00f3 del treball, no sols a Am\u00e8rica Llatina sin\u00f3 a nivell global. Sorgides durant els anys 90 en plena pujada del neoliberalisme, van adquirir visibilitat mundial a partir de la crisi argentina del 2001, amb m\u00e9s d&#8217;un centenar d&#8217;ocupacions de f\u00e0briques i empreses de tota mena. En l&#8217;actualitat, el moviment compte amb m\u00e9s de 400 cooperatives de treballadors en tot el territori de l&#8217;Argentina, des de fabriques industrials, productores d&#8217;aliments, prove\u00efdores de tota mena de serveis, incloent-hi escoles i hospitals. Prop de 14.000 treballadors i treballadores viuen del treball autogestionat d&#8217;aquestes empreses que van fer fallida i van ser abandonades pel capital i posades a funcionar sota autogesti\u00f3 producte de la lluita, la voluntat i la creativitat dels seus obrers i obreres. L&#8217;aparici\u00f3 de les empreses recuperades va tornar a posar en el debat de la classe treballadora i els moviments socials l&#8217;experi\u00e8ncia hist\u00f2rica de l&#8217;autogesti\u00f3, m\u00e9s enll\u00e0 del cooperativisme institucional.<\/p>\n\n\n\n<p><br>Aquesta experi\u00e8ncia est\u00e0 en risc sota el govern d&#8217;extrema dreta i ultraliberal de Javier Milei, que governa l&#8217;Argentina des de desembre de 2023. Si b\u00e9 no hi ha, fins ara, un atac directe contra les empreses recuperades, representen tot el que Milei i el seu govern ataquen: una experi\u00e8ncia col\u00b7lectiva, de gesti\u00f3 comunit\u00e0ria i solid\u00e0ria, tot el contrari a la selva del mercat dominat per les corporacions trasnacionals que proposa i en qu\u00e8 est\u00e0 convertint al pa\u00eds. El govern de Milei \u00e9s un laboratori del projecte del feixisme de mercat, destruint tot tipus de regulaci\u00f3 p\u00fablica a favor dels drets del poble, atacant especialment la salut, l&#8217;educaci\u00f3 i els drets laborals, portant la ind\u00fastria local al col\u00b7lapse i els ingressos dels treballadors al l\u00edmit de la subsist\u00e8ncia, mentre reprimeix tota oposici\u00f3 i alinea a l&#8217;Argentina, incondicionalment, amb els governs de Donald Trump i Benjam\u00edn Netanyahu. Si b\u00e9 no \u00e9s l&#8217;\u00fanic pa\u00eds en el m\u00f3n governat per aquesta variant de la ultradreta, seria un perill\u00f3s exemple a imitar, si demostr\u00e9s la possibilitat de la seva imposici\u00f3 en un pa\u00eds caracteritzat per un fort moviment social.<\/p>\n\n\n\n<p><br>En particular, l&#8217;experi\u00e8ncia de les empreses recuperades est\u00e0 sent assetjada per la destrucci\u00f3 econ\u00f2mica, la baixa de la producci\u00f3, la caiguda del consum i l&#8217;agressi\u00f3 dels jutges, mitjans de comunicaci\u00f3 i l\u2019increment de la repressi\u00f3. Una vintena de cooperatives han tancat ja, producte d&#8217;aquesta situaci\u00f3, i en unes altres es viu un descens de la seva activitat en percentatges que van entre el 20 i el 80% de la seva capacitat. Preservar el millor de l&#8217;experi\u00e8ncia autogestion\u00e0ria mundial, creiem, no \u00e9s nom\u00e9s una lluita v\u00e0lida a l&#8217;Argentina, sin\u00f3 important per al moviment social mundial.<\/p>\n\n\n\n<p><br>Per aix\u00f2, diverses organitzacions i persones de diferents pa\u00efsos, en gran part \u2013per\u00f2 no exclusivament\u2013 participants de la xarxa internacional Economia dels Treballadors i Treballadores, hem decidit conformar aquest Comit\u00e8 Internacional de Solidaritat amb l&#8217;Autogesti\u00f3 a l&#8217;Argentina, amb l&#8217;objectiu de col\u00b7laborar amb el sosteniment del moviment, tant en la difusi\u00f3 de les seves problem\u00e0tiques i en campanyes de solidaritat activa per a ajudar a l&#8217;organitzaci\u00f3 a l&#8217;Argentina, com en la circulaci\u00f3 dels seus productes, com a forma de visibilitzaci\u00f3 i d&#8217;auxili econ\u00f2mic, en diferents pa\u00efsos del m\u00f3n, portant l&#8217;exemple del treball i la producci\u00f3 sense patr\u00f3. Cridem als qui vulguin col\u00b7laborar i solidaritzar-se a integrar aquest comit\u00e8 i organitzar i proposar accions per a enfortir i sostenir una experi\u00e8ncia que \u00e9s exemple global d&#8217;autogesti\u00f3 i lluita.<\/p>\n\n\n\n<h2 class=\"wp-block-heading\">Signants<\/h2>\n\n\n\n<ul class=\"wp-block-list\">\n<li>ADL Cobas, Italia<\/li>\n\n\n\n<li>Arci Pasol Partinico, Italia<\/li>\n\n\n\n<li>Association pour l&#8217;Autogestion, Francia<\/li>\n\n\n\n<li>Association UTOPIE REALISTE Ecologie, Autogestion (AUREA), Francia<\/li>\n\n\n\n<li>Autogestione in Movimento &#8211; Fuorimercato, Italia&nbsp;<\/li>\n\n\n\n<li>Centre for Learning, Social Economy &amp; Work, University of Toronto, Canada (de parte de Marcelo Vieta)<\/li>\n\n\n\n<li>Cerises La Cooop\u00e9rative, Francia<\/li>\n\n\n\n<li>CLAP, Italia<\/li>\n\n\n\n<li>COBAS Lavoro Privato, Italia<\/li>\n\n\n\n<li>Colectivo Argentina en lucha Paris, Francia<\/li>\n\n\n\n<li>Collettivo di Fabbrica Lavoratori GKN, Italia<\/li>\n\n\n\n<li>Comunet Officine Corsare, Italia<\/li>\n\n\n\n<li>Confederaci\u00f3n Sindical Solidaridad Obrera, Espa\u00f1a<\/li>\n\n\n\n<li>Confederaci\u00f3n General del Trabajo CGT (Esp)<\/li>\n\n\n\n<li>ContadinAzioni-FuoriMercato, Italia<\/li>\n\n\n\n<li>Cooperativa Il Gabbiano, Italia<\/li>\n\n\n\n<li>Dario Azzellini<\/li>\n\n\n\n<li>\u00c9cole d&#8217;innovation sociale Elisabeth-Bruyere, Universit\u00e9 Saint-Paul, Canada<\/li>\n\n\n\n<li>\u00c9ditions Syllepse, Francia<\/li>\n\n\n\n<li>Edizioni Alegre, Italia<\/li>\n\n\n\n<li>Entre les lignes entre les mots, Francia<\/li>\n\n\n\n<li>Federaci\u00f3n de Cooperativas Autogestionadas de la Rep\u00fablica Argentina (FEDECARA), Argentina<\/li>\n\n\n\n<li>France Am\u00e9rique latine (FAL), Francia<\/li>\n\n\n\n<li>Initiative demokratische Arbeitszeitrechnung (IDA), Alemania<\/li>\n\n\n\n<li>Instituto de Ciencias Econ\u00f3micas y de la Autogesti\u00f3n (ICEA), Espa\u00f1a<\/li>\n\n\n\n<li>International Labour Network of Solidarity and Struggle<\/li>\n\n\n\n<li>Labournet TV, Alemania<\/li>\n\n\n\n<li>Nouveau parti anticapitaliste (NPA-l\u2019Anticapitaliste), Francia<\/li>\n\n\n\n<li>Olatukoop (cooperativas, asociaciones populares y los agentes socioecon\u00f3micos cooperativos de la Econom\u00eda Social Transformadora). Euskal Herria \/ Pa\u00eds Vasco<\/li>\n\n\n\n<li>Partito della Rifondazione Comunista &#8211; S.E., Italia<\/li>\n\n\n\n<li>Pour une \u00e9cologie populaire et sociale (PEPS), Francia<\/li>\n\n\n\n<li>R\u00e9seau Coop\u00e9ratif de Gauche Alternative (RCGA), Francia<\/li>\n\n\n\n<li>R\u00e9seau syndical international de solidarit\u00e9 et de luttes, Francia<\/li>\n\n\n\n<li>RiMaflow Fuorimercato, Italia<\/li>\n\n\n\n<li>SIAL Cobas, Italia<\/li>\n\n\n\n<li>Sinistra Progetto Comune, Firenze, Italia<\/li>\n\n\n\n<li>Solidarit\u00e9 Am\u00e9rique latine Ard\u00e8che (SOLAL 07), Francia<\/li>\n\n\n\n<li>SOMS Insorgiamo, Italia<\/li>\n\n\n\n<li>Union communiste libertaire, Francia<\/li>\n\n\n\n<li>Union syndicale Solidaires, Francia<\/li>\n<\/ul>\n","protected":false},"excerpt":{"rendered":"<p>Conformaci\u00f3 i crida a integrar el Comit\u00e8 Internacional de Solidaritat amb l&#8217;Autogesti\u00f3 a l&#8217;Argentina Les empreses recuperades pels seus treballadors de l&#8217;Argentina s\u00f3n el moviment contemporani m\u00e9s emblem\u00e0tic d&#8217;autogesti\u00f3 del treball, no sols a Am\u00e8rica Llatina sin\u00f3 a nivell global. Sorgides durant els anys 90 en plena pujada del neoliberalisme, van adquirir visibilitat mundial a&hellip; <a class=\"more-link\" href=\"https:\/\/solidaridadautogestion.noblogs.org\/ca\/crida\/\">Continueu llegint <span class=\"screen-reader-text\">Crida<\/span><\/a><\/p>\n","protected":false},"author":21123,"featured_media":0,"parent":0,"menu_order":0,"comment_status":"closed","ping_status":"closed","template":"","meta":{"_locale":"ca","_original_post":"https:\/\/solidaridadautogestion.noblogs.org\/?page_id=8","footnotes":""},"class_list":["post-31","page","type-page","status-publish","hentry","ca","entry"],"_links":{"self":[{"href":"https:\/\/solidaridadautogestion.noblogs.org\/wp-json\/wp\/v2\/pages\/31","targetHints":{"allow":["GET"]}}],"collection":[{"href":"https:\/\/solidaridadautogestion.noblogs.org\/wp-json\/wp\/v2\/pages"}],"about":[{"href":"https:\/\/solidaridadautogestion.noblogs.org\/wp-json\/wp\/v2\/types\/page"}],"author":[{"embeddable":true,"href":"https:\/\/solidaridadautogestion.noblogs.org\/wp-json\/wp\/v2\/users\/21123"}],"replies":[{"embeddable":true,"href":"https:\/\/solidaridadautogestion.noblogs.org\/wp-json\/wp\/v2\/comments?post=31"}],"version-history":[{"count":6,"href":"https:\/\/solidaridadautogestion.noblogs.org\/wp-json\/wp\/v2\/pages\/31\/revisions"}],"predecessor-version":[{"id":218,"href":"https:\/\/solidaridadautogestion.noblogs.org\/wp-json\/wp\/v2\/pages\/31\/revisions\/218"}],"wp:attachment":[{"href":"https:\/\/solidaridadautogestion.noblogs.org\/wp-json\/wp\/v2\/media?parent=31"}],"curies":[{"name":"wp","href":"https:\/\/api.w.org\/{rel}","templated":true}]}}