{"id":33,"date":"2025-09-08T20:43:53","date_gmt":"2025-09-08T18:43:53","guid":{"rendered":"https:\/\/solidaridadautogestion.noblogs.org\/?page_id=33"},"modified":"2025-11-03T13:53:54","modified_gmt":"2025-11-03T12:53:54","slug":"aufruf","status":"publish","type":"page","link":"https:\/\/solidaridadautogestion.noblogs.org\/de\/aufruf\/","title":{"rendered":"Aufruf"},"content":{"rendered":"\n<p><strong>Gr\u00fcndung und Aufruf zur Mitwirkung im Internationalen Solidarit\u00e4tskomitee f\u00fcr die Selbstverwaltung in Argentinien<\/strong><\/p>\n\n\n\n<p>Die von ihren&nbsp;<a href=\"innen\">Arbeiter:innen<\/a>&nbsp;zur\u00fcckeroberten Betriebe in Argentinien sind die aktuell bedeutendste Bewegung der Selbstverwaltung der Arbeit \u2013 nicht nur in Lateinamerika, sondern weltweit. Entstanden in den 1990er Jahren auf dem H\u00f6hepunkt des Neoliberalismus, erlangten sie ab der argentinischen Krise 2001 weltweite Sichtbarkeit, als \u00fcber hundert Fabriken und Unternehmen unterschiedlichster Art besetzt wurden. Heute umfasst die Bewegung mehr als 400&nbsp;<a href=\"innen-Kooperativen\">Arbeiter:innen-Kooperativen<\/a>&nbsp;im gesamten Land: von Industriebetrieben und Lebensmittelproduzenten bis hin zu Dienstleistern aller Art, einschlie\u00dflich Schulen und Krankenh\u00e4usern. Rund 14.000&nbsp;<a href=\"innen\">Arbeiter:innen<\/a>&nbsp;leben von der selbstverwalteten Arbeit in diesen Unternehmen, die Konkurs gegangen, vom Kapital aufgegeben und durch den Kampf, den Willen und die Kreativit\u00e4t ihrer&nbsp;<a href=\"innen\">Arbeiter:innen<\/a>&nbsp;wieder zum Laufen gebracht wurden. Das Aufkommen der r\u00fcckeroberten Betriebe hat die historische Erfahrung der Selbstverwaltung \u2013 jenseits des institutionalisierten Genossenschaftswesens&nbsp;<em>\u2013<\/em>&nbsp;wieder in die Debatte der&nbsp;<a href=\"innenklasse\">Arbeiter:innenklasse<\/a>&nbsp;und der sozialen Bewegungen ger\u00fcckt.<\/p>\n\n\n\n<p>Diese Erfahrung ist unter der extrem rechten und ultraliberalen Regierung von Javier Milei, der seit Dezember 2023 in Argentinien regiert, bedroht. Auch wenn es bislang keinen direkten Angriff auf die r\u00fcckeroberten Betriebe gibt, verk\u00f6rpern sie alles, was Milei und seine Regierung bek\u00e4mpfen: eine kollektive, gemeinschaftliche und solidarische Organisationsform, das genaue Gegenteil des von transnationalen Konzernen dominierten Marktdschungels, den er propagiert und in den er das Land verwandelt. Mileis Regierung ist ein Laboratorium f\u00fcr ein marktfaschistisches Projekt: Sie zerst\u00f6rt alle Formen \u00f6ffentlicher Regulierung, die der Bev\u00f6lkerung zugute kommt, greift gezielt das Gesundheits- und Bildungswesen sowie die Arbeitsrechte an, treibt die lokale Industrie in den Kollaps und reduziert die Einkommen der&nbsp;<a href=\"innen\">Arbeiter:innen<\/a>&nbsp;auf ein Existenzminimum \u2013 w\u00e4hrend sie jede Opposition unterdr\u00fcckt und Argentinien bedingungslos an die Regierungen von Donald Trump und Benjamin Netanjahu anbindet. Auch wenn Argentinien nicht das einzige Land ist, das von dieser Variante der extremen Rechten regiert wird, w\u00e4re es ein gef\u00e4hrliches Beispiel, sollte sich dieser Kurs in einem Land mit einer starken sozialen Bewegung durchsetzen lassen.<\/p>\n\n\n\n<p>Die Erfahrung der r\u00fcckeroberten Betriebe ist insbesondere durch die wirtschaftliche Zerst\u00f6rung, Produktions- und Konsumr\u00fcckg\u00e4nge sowie durch Angriffe von&nbsp;<a href=\"innen\">Richter:innen<\/a>, Medien und zunehmender Repression bedroht. Etwa zwanzig Kooperativen mussten deshalb bereits schlie\u00dfen, andere arbeiten mit 20 bis 80 Prozent ihrer vorherigen Kapazit\u00e4t. Wir glauben, dass die Bewahrung des Besten der weltweiten Selbstverwaltungserfahrung nicht nur ein legitimer Kampf in Argentinien ist, sondern auch von globaler Bedeutung f\u00fcr soziale Bewegungen weltweit.<\/p>\n\n\n\n<p>Aus diesem Grund haben sich verschiedene Organisationen und Einzelpersonen aus unterschiedlichen L\u00e4ndern \u2013 zum gro\u00dfen Teil, aber nicht ausschlie\u00dflich, Mitglieder des internationalen Netzwerks \u201eWirtschaft der&nbsp;<a href=\"innen%E2%80%9C\">Arbeiter:innen\u201c<\/a>&nbsp;\u2013 entschlossen, dieses Internationale Solidarit\u00e4tskomitee f\u00fcr die Selbstverwaltung in Argentinien zu gr\u00fcnden. Ziel ist es, die Bewegung zu unterst\u00fctzen: sowohl durch die Verbreitung ihrer Anliegen und aktive Solidarit\u00e4tskampagnen zur Unterst\u00fctzung in Argentinien als auch durch den Vertrieb ihrer Produkte als eine Form der Sichtbarmachung und wirtschaftlichen Hilfe in verschiedenen L\u00e4ndern der Welt \u2013 und so das Beispiel von Arbeit und Produktion ohne Chef weiterzutragen. Wir rufen alle, die sich engagieren und solidarisch zeigen wollen, dazu auf, diesem Komitee beizutreten sowie Aktionen zu organisieren und vorzuschlagen, um eine Erfahrung zu st\u00e4rken, die ein globales Vorbild f\u00fcr Selbstverwaltung und Kampf ist.<\/p>\n\n\n\n<h2 class=\"wp-block-heading\">Unterzeichner:innen<\/h2>\n\n\n\n<ul class=\"wp-block-list\">\n<li>ADL Cobas, Italia<\/li>\n\n\n\n<li>Arci Pasol Partinico, Italia<\/li>\n\n\n\n<li>Association pour l&#8217;Autogestion, Francia<\/li>\n\n\n\n<li>Association UTOPIE REALISTE Ecologie, Autogestion (AUREA), Francia<\/li>\n\n\n\n<li>Autogestione in Movimento &#8211; Fuorimercato, Italia&nbsp;<\/li>\n\n\n\n<li>Centre for Learning, Social Economy &amp; Work, University of Toronto, Canada (de parte de Marcelo Vieta)<\/li>\n\n\n\n<li>Cerises La Cooop\u00e9rative, Francia<\/li>\n\n\n\n<li>CLAP, Italia<\/li>\n\n\n\n<li>COBAS Lavoro Privato, Italia<\/li>\n\n\n\n<li>Colectivo Argentina en lucha Paris, Francia<\/li>\n\n\n\n<li>Collettivo di Fabbrica Lavoratori GKN, Italia<\/li>\n\n\n\n<li>Comunet Officine Corsare, Italia<\/li>\n\n\n\n<li>Confederaci\u00f3n Sindical Solidaridad Obrera, Espa\u00f1a<\/li>\n\n\n\n<li>Confederaci\u00f3n General del Trabajo CGT (Esp)<\/li>\n\n\n\n<li>ContadinAzioni-FuoriMercato, Italia<\/li>\n\n\n\n<li>Cooperativa Il Gabbiano, Italia<\/li>\n\n\n\n<li>Dario Azzellini<\/li>\n\n\n\n<li>\u00c9cole d&#8217;innovation sociale Elisabeth-Bruyere, Universit\u00e9 Saint-Paul, Canada<\/li>\n\n\n\n<li>\u00c9ditions Syllepse, Francia<\/li>\n\n\n\n<li>Edizioni Alegre, Italia<\/li>\n\n\n\n<li>Entre les lignes entre les mots, Francia<\/li>\n\n\n\n<li>Federaci\u00f3n de Cooperativas Autogestionadas de la Rep\u00fablica Argentina (FEDECARA), Argentina<\/li>\n\n\n\n<li>France Am\u00e9rique latine (FAL), Francia<\/li>\n\n\n\n<li>Initiative demokratische Arbeitszeitrechnung (IDA), Alemania<\/li>\n\n\n\n<li>Instituto de Ciencias Econ\u00f3micas y de la Autogesti\u00f3n (ICEA), Espa\u00f1a<\/li>\n\n\n\n<li>International Labour Network of Solidarity and Struggle<\/li>\n\n\n\n<li>Labournet TV, Alemania<\/li>\n\n\n\n<li>Nouveau parti anticapitaliste (NPA-l\u2019Anticapitaliste), Francia<\/li>\n\n\n\n<li>Olatukoop (cooperativas, asociaciones populares y los agentes socioecon\u00f3micos cooperativos de la Econom\u00eda Social Transformadora). Euskal Herria \/ Pa\u00eds Vasco<\/li>\n\n\n\n<li>Partito della Rifondazione Comunista &#8211; S.E., Italia<\/li>\n\n\n\n<li>Pour une \u00e9cologie populaire et sociale (PEPS), Francia<\/li>\n\n\n\n<li>R\u00e9seau Coop\u00e9ratif de Gauche Alternative (RCGA), Francia<\/li>\n\n\n\n<li>R\u00e9seau syndical international de solidarit\u00e9 et de luttes, Francia<\/li>\n\n\n\n<li>RiMaflow Fuorimercato, Italia<\/li>\n\n\n\n<li>SIAL Cobas, Italia<\/li>\n\n\n\n<li>Sinistra Progetto Comune, Firenze, Italia<\/li>\n\n\n\n<li>Solidarit\u00e9 Am\u00e9rique latine Ard\u00e8che (SOLAL 07), Francia<\/li>\n\n\n\n<li>SOMS Insorgiamo, Italia<\/li>\n\n\n\n<li>Union communiste libertaire, Francia<\/li>\n\n\n\n<li>Union syndicale Solidaires, Francia<\/li>\n<\/ul>\n\n\n\n<p><\/p>\n","protected":false},"excerpt":{"rendered":"<p>Gr\u00fcndung und Aufruf zur Mitwirkung im Internationalen Solidarit\u00e4tskomitee f\u00fcr die Selbstverwaltung in Argentinien Die von ihren&nbsp;Arbeiter:innen&nbsp;zur\u00fcckeroberten Betriebe in Argentinien sind die aktuell bedeutendste Bewegung der Selbstverwaltung der Arbeit \u2013 nicht nur in Lateinamerika, sondern weltweit. Entstanden in den 1990er Jahren auf dem H\u00f6hepunkt des Neoliberalismus, erlangten sie ab der argentinischen Krise 2001 weltweite Sichtbarkeit, als&hellip; <a class=\"more-link\" href=\"https:\/\/solidaridadautogestion.noblogs.org\/de\/aufruf\/\"><span class=\"screen-reader-text\">Aufruf<\/span> weiterlesen<\/a><\/p>\n","protected":false},"author":21123,"featured_media":0,"parent":0,"menu_order":0,"comment_status":"closed","ping_status":"closed","template":"","meta":{"_locale":"de_DE","_original_post":"https:\/\/solidaridadautogestion.noblogs.org\/?page_id=8","footnotes":""},"class_list":["post-33","page","type-page","status-publish","hentry","de-DE","entry"],"_links":{"self":[{"href":"https:\/\/solidaridadautogestion.noblogs.org\/wp-json\/wp\/v2\/pages\/33","targetHints":{"allow":["GET"]}}],"collection":[{"href":"https:\/\/solidaridadautogestion.noblogs.org\/wp-json\/wp\/v2\/pages"}],"about":[{"href":"https:\/\/solidaridadautogestion.noblogs.org\/wp-json\/wp\/v2\/types\/page"}],"author":[{"embeddable":true,"href":"https:\/\/solidaridadautogestion.noblogs.org\/wp-json\/wp\/v2\/users\/21123"}],"replies":[{"embeddable":true,"href":"https:\/\/solidaridadautogestion.noblogs.org\/wp-json\/wp\/v2\/comments?post=33"}],"version-history":[{"count":7,"href":"https:\/\/solidaridadautogestion.noblogs.org\/wp-json\/wp\/v2\/pages\/33\/revisions"}],"predecessor-version":[{"id":210,"href":"https:\/\/solidaridadautogestion.noblogs.org\/wp-json\/wp\/v2\/pages\/33\/revisions\/210"}],"wp:attachment":[{"href":"https:\/\/solidaridadautogestion.noblogs.org\/wp-json\/wp\/v2\/media?parent=33"}],"curies":[{"name":"wp","href":"https:\/\/api.w.org\/{rel}","templated":true}]}}