{"id":42,"date":"2025-09-08T21:21:21","date_gmt":"2025-09-08T19:21:21","guid":{"rendered":"https:\/\/solidaridadautogestion.noblogs.org\/?page_id=42"},"modified":"2025-12-07T09:26:38","modified_gmt":"2025-12-07T08:26:38","slug":"ueber-uns","status":"publish","type":"page","link":"https:\/\/solidaridadautogestion.noblogs.org\/de\/ueber-uns\/","title":{"rendered":"\u00dcber uns"},"content":{"rendered":"\n<p>Das Internationale Solidarit\u00e4tskomitee f\u00fcr die Selbstverwaltung in Argentinien besteht aus verschiedenen Organisationen und Einzelpersonen aus unterschiedlichen L\u00e4ndern, die gr\u00f6\u00dftenteils \u2013 aber nicht ausschlie\u00dflich \u2013 Teilnehmerinnen des internationalen Netzwerks \u201e\u00d6konomie der Arbeiterinnen und Arbeiter\u201c sind. Ziel ist es, den Erhalt der Bewegung der von ihren Arbeiterinnen \u00fcbernommenen Betriebe sowie anderer selbstverwalteter Erfahrungen in Argentinien zu unterst\u00fctzen, die unter dem ultraliberalen und faschistischen Modell der Regierung von Javier Milei in ihrer Existenz bedroht sind.<\/p>\n\n\n\n<p>Der Ausschuss beabsichtigt, aktive Solidarit\u00e4t zu leisten \u2013 sowohl durch die Verbreitung der Ideen der Selbstverwaltung und der Arbeit ohne Chef, als auch durch Kampagnen zur Unterst\u00fctzung der selbstverwalteten Produktion und des Vertriebs ihrer Produkte, um diese sichtbar zu machen und konkrete wirtschaftliche Hilfe zu leisten. In diesem Ausschuss sind bereits Vertreterinnen selbstverwalteter und gewerkschaftlicher Organisationen aus mehreren europ\u00e4ischen L\u00e4ndern (wie Spanien, Italien, Frankreich, Deutschland und Griechenland), aus Nordamerika (Kanada und den Vereinigten Staaten) sowie selbstverst\u00e4ndlich aus Lateinamerika vertreten. Diese Unterst\u00fctzung ist grundlegend \u2013 und wird immer wichtiger \u2013, je n\u00e4her der schwierige und unvermeidliche Moment des Zusammenbruchs dieses f\u00fcr das Leben der V\u00f6lker unhaltbaren Modells r\u00fcckt. Gerade dann m\u00fcssen internationale Ermutigung und Solidarit\u00e4t eine entscheidende Rolle spielen, wie es in vielen anderen Momenten der Geschichte der weltweiten Arbeiterinnenklasse der Fall war.<\/p>\n\n\n\n<p>Wir rufen alle, die sich solidarisieren und mitwirken m\u00f6chten, dazu auf, sich diesem Ausschuss anzuschlie\u00dfen sowie Aktionen zu organisieren und vorzuschlagen, um eine Erfahrung zu st\u00e4rken und zu unterst\u00fctzen, die weltweit als Beispiel f\u00fcr Selbstverwaltung und Kampf gilt.<\/p>\n\n\n\n<h2 class=\"wp-block-heading\">Kontakt<\/h2>\n\n\n\n<ul class=\"wp-block-list\">\n<li>Mail (International): solidaridadERT@proton.me<\/li>\n\n\n\n<li>Mail (Deutschland): gruppe_arbeitszeit@riseup.net<\/li>\n<\/ul>\n\n\n\n<ul class=\"wp-block-social-links has-visible-labels is-layout-flex wp-block-social-links-is-layout-flex\"><li class=\"wp-social-link wp-social-link-instagram  wp-block-social-link\"><a rel=\"noopener nofollow\" target=\"_blank\" href=\"https:\/\/www.instagram.com\/argentinien_soli\" class=\"wp-block-social-link-anchor\"><svg width=\"24\" height=\"24\" viewBox=\"0 0 24 24\" version=\"1.1\" xmlns=\"http:\/\/www.w3.org\/2000\/svg\" aria-hidden=\"true\" focusable=\"false\"><path d=\"M12,4.622c2.403,0,2.688,0.009,3.637,0.052c0.877,0.04,1.354,0.187,1.671,0.31c0.42,0.163,0.72,0.358,1.035,0.673 c0.315,0.315,0.51,0.615,0.673,1.035c0.123,0.317,0.27,0.794,0.31,1.671c0.043,0.949,0.052,1.234,0.052,3.637 s-0.009,2.688-0.052,3.637c-0.04,0.877-0.187,1.354-0.31,1.671c-0.163,0.42-0.358,0.72-0.673,1.035 c-0.315,0.315-0.615,0.51-1.035,0.673c-0.317,0.123-0.794,0.27-1.671,0.31c-0.949,0.043-1.233,0.052-3.637,0.052 s-2.688-0.009-3.637-0.052c-0.877-0.04-1.354-0.187-1.671-0.31c-0.42-0.163-0.72-0.358-1.035-0.673 c-0.315-0.315-0.51-0.615-0.673-1.035c-0.123-0.317-0.27-0.794-0.31-1.671C4.631,14.688,4.622,14.403,4.622,12 s0.009-2.688,0.052-3.637c0.04-0.877,0.187-1.354,0.31-1.671c0.163-0.42,0.358-0.72,0.673-1.035 c0.315-0.315,0.615-0.51,1.035-0.673c0.317-0.123,0.794-0.27,1.671-0.31C9.312,4.631,9.597,4.622,12,4.622 M12,3 C9.556,3,9.249,3.01,8.289,3.054C7.331,3.098,6.677,3.25,6.105,3.472C5.513,3.702,5.011,4.01,4.511,4.511 c-0.5,0.5-0.808,1.002-1.038,1.594C3.25,6.677,3.098,7.331,3.054,8.289C3.01,9.249,3,9.556,3,12c0,2.444,0.01,2.751,0.054,3.711 c0.044,0.958,0.196,1.612,0.418,2.185c0.23,0.592,0.538,1.094,1.038,1.594c0.5,0.5,1.002,0.808,1.594,1.038 c0.572,0.222,1.227,0.375,2.185,0.418C9.249,20.99,9.556,21,12,21s2.751-0.01,3.711-0.054c0.958-0.044,1.612-0.196,2.185-0.418 c0.592-0.23,1.094-0.538,1.594-1.038c0.5-0.5,0.808-1.002,1.038-1.594c0.222-0.572,0.375-1.227,0.418-2.185 C20.99,14.751,21,14.444,21,12s-0.01-2.751-0.054-3.711c-0.044-0.958-0.196-1.612-0.418-2.185c-0.23-0.592-0.538-1.094-1.038-1.594 c-0.5-0.5-1.002-0.808-1.594-1.038c-0.572-0.222-1.227-0.375-2.185-0.418C14.751,3.01,14.444,3,12,3L12,3z M12,7.378 c-2.552,0-4.622,2.069-4.622,4.622S9.448,16.622,12,16.622s4.622-2.069,4.622-4.622S14.552,7.378,12,7.378z M12,15 c-1.657,0-3-1.343-3-3s1.343-3,3-3s3,1.343,3,3S13.657,15,12,15z M16.804,6.116c-0.596,0-1.08,0.484-1.08,1.08 s0.484,1.08,1.08,1.08c0.596,0,1.08-0.484,1.08-1.08S17.401,6.116,16.804,6.116z\"><\/path><\/svg><span class=\"wp-block-social-link-label\">https:\/\/www.instagram.com\/argentinien_soli<\/span><\/a><\/li><\/ul>\n\n\n\n<p><\/p>\n","protected":false},"excerpt":{"rendered":"<p>Das Internationale Solidarit\u00e4tskomitee f\u00fcr die Selbstverwaltung in Argentinien besteht aus verschiedenen Organisationen und Einzelpersonen aus unterschiedlichen L\u00e4ndern, die gr\u00f6\u00dftenteils \u2013 aber nicht ausschlie\u00dflich \u2013 Teilnehmerinnen des internationalen Netzwerks \u201e\u00d6konomie der Arbeiterinnen und Arbeiter\u201c sind. Ziel ist es, den Erhalt der Bewegung der von ihren Arbeiterinnen \u00fcbernommenen Betriebe sowie anderer selbstverwalteter Erfahrungen in Argentinien zu unterst\u00fctzen,&hellip; <a class=\"more-link\" href=\"https:\/\/solidaridadautogestion.noblogs.org\/de\/ueber-uns\/\"><span class=\"screen-reader-text\">\u00dcber uns<\/span> weiterlesen<\/a><\/p>\n","protected":false},"author":21123,"featured_media":0,"parent":0,"menu_order":0,"comment_status":"closed","ping_status":"closed","template":"","meta":{"_locale":"de_DE","_original_post":"https:\/\/solidaridadautogestion.noblogs.org\/?page_id=10","footnotes":""},"class_list":["post-42","page","type-page","status-publish","hentry","de-DE","entry"],"_links":{"self":[{"href":"https:\/\/solidaridadautogestion.noblogs.org\/wp-json\/wp\/v2\/pages\/42","targetHints":{"allow":["GET"]}}],"collection":[{"href":"https:\/\/solidaridadautogestion.noblogs.org\/wp-json\/wp\/v2\/pages"}],"about":[{"href":"https:\/\/solidaridadautogestion.noblogs.org\/wp-json\/wp\/v2\/types\/page"}],"author":[{"embeddable":true,"href":"https:\/\/solidaridadautogestion.noblogs.org\/wp-json\/wp\/v2\/users\/21123"}],"replies":[{"embeddable":true,"href":"https:\/\/solidaridadautogestion.noblogs.org\/wp-json\/wp\/v2\/comments?post=42"}],"version-history":[{"count":15,"href":"https:\/\/solidaridadautogestion.noblogs.org\/wp-json\/wp\/v2\/pages\/42\/revisions"}],"predecessor-version":[{"id":337,"href":"https:\/\/solidaridadautogestion.noblogs.org\/wp-json\/wp\/v2\/pages\/42\/revisions\/337"}],"wp:attachment":[{"href":"https:\/\/solidaridadautogestion.noblogs.org\/wp-json\/wp\/v2\/media?parent=42"}],"curies":[{"name":"wp","href":"https:\/\/api.w.org\/{rel}","templated":true}]}}