{"id":79,"date":"2025-09-12T14:47:34","date_gmt":"2025-09-12T12:47:34","guid":{"rendered":"https:\/\/solidaridadautogestion.noblogs.org\/?page_id=79"},"modified":"2025-10-14T16:08:00","modified_gmt":"2025-10-14T14:08:00","slug":"call","status":"publish","type":"page","link":"https:\/\/solidaridadautogestion.noblogs.org\/en-GB\/call\/","title":{"rendered":"Call"},"content":{"rendered":"\n<p><strong>Committee for Solidarity with Self-Management in Argentina<\/strong><\/p>\n\n\n\n<p>Worker-recovered enterprises in Argentina represent the most emblematic contemporary example of self-managed labor\u2014not only in Latin America but worldwide. They emerged in the 1990s during the height of neoliberalism and gained global visibility following the 2001 Argentine crisis, which saw more than a hundred occupations of factories and businesses of all kinds. Today, the movement includes over 400 worker cooperatives across Argentina, ranging from industrial factories and food producers to service providers of all types\u2014including schools and hospitals. Around 14,000 workers make their living through self-managed labor in these companies, which were abandoned by capital and brought back into operation through the struggle, determination, and creativity of their workers.<\/p>\n\n\n\n<p>The emergence of recovered enterprises revived the historical experience of self-management within the debates of the working class and social movements\u2014beyond institutional cooperativism.<\/p>\n\n\n\n<p>This experience is now at risk under the far-right, ultraliberal government of Javier Milei, in power since December 2023. Although there has not yet been a direct attack on worker-recovered enterprises, they embody everything Milei and his government oppose: a collective, community-based, and solidarity-driven model\u2014completely opposed to the corporate-dominated market jungle he promotes and is imposing on the country. Milei\u2019s government serves as a testing ground for a \u201cmarket fascism\u201d project, dismantling all forms of public regulation that protect popular rights, with particular attacks on healthcare, education, and labor rights. It is pushing local industry toward collapse and driving workers&#8217; incomes to subsistence levels, while repressing all forms of opposition and aligning Argentina unconditionally with the governments of Donald Trump and Benjamin Netanyahu. While Argentina is not the only country governed by this far-right variant, it could become a dangerous model if it succeeds in a country known for its strong social movements.<\/p>\n\n\n\n<p>In particular, the worker-recovered enterprise movement is being besieged by economic destruction, falling production, declining consumption, and the hostility of judges, the media, and increasing repression. Around twenty cooperatives have closed under these conditions, and many others have seen drops in activity ranging from 20% to 80% of their productive capacity. We believe that preserving the most valuable aspects of the global self-management experience is not only a legitimate struggle in Argentina but also a vital cause for the international social movement.<\/p>\n\n\n\n<p>For this reason, various organizations and individuals from different countries\u2014many of them, though not exclusively, involved in the international Workers\u2019 Economy Network\u2014have decided to form this International Committee for Solidarity with Self-Management in Argentina. Its aim is to support the movement by raising awareness of its challenges, organizing solidarity campaigns, and promoting the circulation of its products abroad as a means of visibility and economic support\u2014spreading the example of labor and production without bosses.<\/p>\n\n\n\n<p>We call on all those who wish to support and express solidarity to join this committee and propose or organize actions to help strengthen and sustain this globally significant example of self-management and struggle.<\/p>\n\n\n\n<h2 class=\"wp-block-heading\">Signatories<\/h2>\n\n\n\n<ul class=\"wp-block-list\">\n<li>ADL Cobas, Italia<\/li>\n\n\n\n<li>Arci Pasol Partinico, Italia<\/li>\n\n\n\n<li>Association pour l&#8217;Autogestion, Francia<\/li>\n\n\n\n<li>Association UTOPIE REALISTE Ecologie, Autogestion (AUREA), Francia<\/li>\n\n\n\n<li>Autogestione in Movimento &#8211; Fuorimercato, Italia&nbsp;<\/li>\n\n\n\n<li>Centre for Learning, Social Economy &amp; Work, University of Toronto, Canada (de parte de Marcelo Vieta)<\/li>\n\n\n\n<li>Cerises La Cooop\u00e9rative, Francia<\/li>\n\n\n\n<li>CLAP, Italia<\/li>\n\n\n\n<li>COBAS Lavoro Privato, Italia<\/li>\n\n\n\n<li>Colectivo Argentina en lucha Paris, Francia<\/li>\n\n\n\n<li>Collettivo di Fabbrica Lavoratori GKN, Italia<\/li>\n\n\n\n<li>Comunet Officine Corsare, Italia<\/li>\n\n\n\n<li>Confederaci\u00f3n Sindical Solidaridad Obrera, Espa\u00f1a<\/li>\n\n\n\n<li>Confederaci\u00f3n General del Trabajo CGT (Esp)<\/li>\n\n\n\n<li>ContadinAzioni-FuoriMercato, Italia<\/li>\n\n\n\n<li>Cooperativa Il Gabbiano, Italia<\/li>\n\n\n\n<li>Dario Azzellini<\/li>\n\n\n\n<li>\u00c9cole d&#8217;innovation sociale Elisabeth-Bruyere, Universit\u00e9 Saint-Paul, Canada<\/li>\n\n\n\n<li>\u00c9ditions Syllepse, Francia<\/li>\n\n\n\n<li>Edizioni Alegre, Italia<\/li>\n\n\n\n<li>Entre les lignes entre les mots, Francia<\/li>\n\n\n\n<li>Federaci\u00f3n de Cooperativas Autogestionadas de la Rep\u00fablica Argentina (FEDECARA), Argentina<\/li>\n\n\n\n<li>France Am\u00e9rique latine (FAL), Francia<\/li>\n\n\n\n<li>Initiative demokratische Arbeitszeitrechnung (IDA), Alemania<\/li>\n\n\n\n<li>Instituto de Ciencias Econ\u00f3micas y de la Autogesti\u00f3n (ICEA), Espa\u00f1a<\/li>\n\n\n\n<li>International Labour Network of Solidarity and Struggle<\/li>\n\n\n\n<li>Labournet TV, Alemania<\/li>\n\n\n\n<li>Nouveau parti anticapitaliste (NPA-l\u2019Anticapitaliste), Francia<\/li>\n\n\n\n<li>Olatukoop (cooperativas, asociaciones populares y los agentes socioecon\u00f3micos cooperativos de la Econom\u00eda Social Transformadora). Euskal Herria \/ Pa\u00eds Vasco<\/li>\n\n\n\n<li>Partito della Rifondazione Comunista &#8211; S.E., Italia<\/li>\n\n\n\n<li>Pour une \u00e9cologie populaire et sociale (PEPS), Francia<\/li>\n\n\n\n<li>R\u00e9seau Coop\u00e9ratif de Gauche Alternative (RCGA), Francia<\/li>\n\n\n\n<li>R\u00e9seau syndical international de solidarit\u00e9 et de luttes, Francia<\/li>\n\n\n\n<li>RiMaflow Fuorimercato, Italia<\/li>\n\n\n\n<li>SIAL Cobas, Italia<\/li>\n\n\n\n<li>Sinistra Progetto Comune, Firenze, Italia<\/li>\n\n\n\n<li>Solidarit\u00e9 Am\u00e9rique latine Ard\u00e8che (SOLAL 07), Francia<\/li>\n\n\n\n<li>SOMS Insorgiamo, Italia<\/li>\n\n\n\n<li>Union communiste libertaire, Francia<\/li>\n\n\n\n<li>Union syndicale Solidaires, Francia<\/li>\n<\/ul>\n","protected":false},"excerpt":{"rendered":"<p>Committee for Solidarity with Self-Management in Argentina Worker-recovered enterprises in Argentina represent the most emblematic contemporary example of self-managed labor\u2014not only in Latin America but worldwide. They emerged in the 1990s during the height of neoliberalism and gained global visibility following the 2001 Argentine crisis, which saw more than a hundred occupations of factories and&hellip; <a class=\"more-link\" href=\"https:\/\/solidaridadautogestion.noblogs.org\/en-GB\/call\/\">Continue reading <span class=\"screen-reader-text\">Call<\/span><\/a><\/p>\n","protected":false},"author":21123,"featured_media":0,"parent":0,"menu_order":0,"comment_status":"closed","ping_status":"closed","template":"","meta":{"_locale":"en_GB","_original_post":"https:\/\/solidaridadautogestion.noblogs.org\/?page_id=8","footnotes":""},"class_list":["post-79","page","type-page","status-publish","hentry","en-GB","entry"],"_links":{"self":[{"href":"https:\/\/solidaridadautogestion.noblogs.org\/wp-json\/wp\/v2\/pages\/79","targetHints":{"allow":["GET"]}}],"collection":[{"href":"https:\/\/solidaridadautogestion.noblogs.org\/wp-json\/wp\/v2\/pages"}],"about":[{"href":"https:\/\/solidaridadautogestion.noblogs.org\/wp-json\/wp\/v2\/types\/page"}],"author":[{"embeddable":true,"href":"https:\/\/solidaridadautogestion.noblogs.org\/wp-json\/wp\/v2\/users\/21123"}],"replies":[{"embeddable":true,"href":"https:\/\/solidaridadautogestion.noblogs.org\/wp-json\/wp\/v2\/comments?post=79"}],"version-history":[{"count":3,"href":"https:\/\/solidaridadautogestion.noblogs.org\/wp-json\/wp\/v2\/pages\/79\/revisions"}],"predecessor-version":[{"id":217,"href":"https:\/\/solidaridadautogestion.noblogs.org\/wp-json\/wp\/v2\/pages\/79\/revisions\/217"}],"wp:attachment":[{"href":"https:\/\/solidaridadautogestion.noblogs.org\/wp-json\/wp\/v2\/media?parent=79"}],"curies":[{"name":"wp","href":"https:\/\/api.w.org\/{rel}","templated":true}]}}