{"id":270,"date":"2025-11-04T00:17:32","date_gmt":"2025-11-03T23:17:32","guid":{"rendered":"https:\/\/solidaridadautogestion.noblogs.org\/?page_id=270"},"modified":"2025-11-04T10:41:47","modified_gmt":"2025-11-04T09:41:47","slug":"qui-nous-sommes","status":"publish","type":"page","link":"https:\/\/solidaridadautogestion.noblogs.org\/fr\/qui-nous-sommes\/","title":{"rendered":"Qui nous sommes"},"content":{"rendered":"\n<p><\/p>\n\n\n\n<p>Le Comit\u00e9 international de solidarit\u00e9 avec l\u2019autogestion en Argentine est compos\u00e9 de diverses organisations et de personnes issues de diff\u00e9rents pays, appartenant en grande partie \u2013 mais pas exclusivement \u2013 au r\u00e9seau international \u00c9conomie des travailleurs et travailleuses. Son objectif est de soutenir le mouvement des entreprises r\u00e9cup\u00e9r\u00e9es par leurs travailleurs ainsi que d\u2019autres exp\u00e9riences autogestionnaires argentines, aujourd\u2019hui menac\u00e9es dans leur survie par le mod\u00e8le ultralib\u00e9ral et fasciste du gouvernement de Javier Milei.<\/p>\n\n\n\n<p>Le Comit\u00e9 entend promouvoir une solidarit\u00e9 active, \u00e0 la fois par la diffusion du mouvement autogestionnaire et du travail sans patron, et par la mise en place de campagnes visant \u00e0 soutenir la production autog\u00e9r\u00e9e et la circulation de ses produits, comme formes de visibilit\u00e9 et d\u2019aide \u00e9conomique concr\u00e8te.<\/p>\n\n\n\n<p>Le Comit\u00e9 regroupe d\u00e9j\u00e0 des repr\u00e9sentants d\u2019organisations autogestionnaires et ouvri\u00e8res de plusieurs pays europ\u00e9ens (Espagne, Italie, France, Allemagne, Gr\u00e8ce), d\u2019Am\u00e9rique du Nord (Canada, \u00c9tats-Unis) et, bien s\u00fbr, d\u2019Am\u00e9rique latine. Ce soutien est essentiel, et il le sera de plus en plus \u00e0 mesure que s\u2019approche le moment difficile \u2013 mais in\u00e9vitable \u2013 de l\u2019effondrement de ce mod\u00e8le invivable pour les peuples. Plus que jamais, l\u2019encouragement et la solidarit\u00e9 internationale devront jouer un r\u00f4le fondamental, comme cela a \u00e9t\u00e9 le cas \u00e0 de nombreux moments de l\u2019histoire de la classe ouvri\u00e8re mondiale.<\/p>\n\n\n\n<p>Nous appelons toutes celles et ceux qui souhaitent soutenir et se solidariser \u00e0 rejoindre ce comit\u00e9, et \u00e0 organiser et proposer des actions pour renforcer et soutenir une exp\u00e9rience qui constitue un exemple mondial d\u2019autogestion et de lutte.<\/p>\n\n\n\n<p>Contact:<\/p>\n\n\n\n<ul class=\"wp-block-list\">\n<li><a href=\"https:\/\/autogestion.asso.fr\/appel-a-rejoindre-le-comite-international-de-solidarite-avec-lautogestion-en-argentine\/solidaridadERT@proton.me\">solidaridadERT@proton.me<\/a><\/li>\n<\/ul>\n","protected":false},"excerpt":{"rendered":"<p>Le Comit\u00e9 international de solidarit\u00e9 avec l\u2019autogestion en Argentine est compos\u00e9 de diverses organisations et de personnes issues de diff\u00e9rents pays, appartenant en grande partie \u2013 mais pas exclusivement \u2013 au r\u00e9seau international \u00c9conomie des travailleurs et travailleuses. Son objectif est de soutenir le mouvement des entreprises r\u00e9cup\u00e9r\u00e9es par leurs travailleurs ainsi que d\u2019autres exp\u00e9riences&hellip; <a class=\"more-link\" href=\"https:\/\/solidaridadautogestion.noblogs.org\/fr\/qui-nous-sommes\/\">Poursuivre la lecture <span class=\"screen-reader-text\">Qui nous sommes<\/span><\/a><\/p>\n","protected":false},"author":21249,"featured_media":0,"parent":0,"menu_order":0,"comment_status":"closed","ping_status":"closed","template":"","meta":{"_locale":"fr_FR","_original_post":"https:\/\/solidaridadautogestion.noblogs.org\/?page_id=270","footnotes":""},"class_list":["post-270","page","type-page","status-publish","hentry","fr-FR","entry"],"_links":{"self":[{"href":"https:\/\/solidaridadautogestion.noblogs.org\/wp-json\/wp\/v2\/pages\/270","targetHints":{"allow":["GET"]}}],"collection":[{"href":"https:\/\/solidaridadautogestion.noblogs.org\/wp-json\/wp\/v2\/pages"}],"about":[{"href":"https:\/\/solidaridadautogestion.noblogs.org\/wp-json\/wp\/v2\/types\/page"}],"author":[{"embeddable":true,"href":"https:\/\/solidaridadautogestion.noblogs.org\/wp-json\/wp\/v2\/users\/21249"}],"replies":[{"embeddable":true,"href":"https:\/\/solidaridadautogestion.noblogs.org\/wp-json\/wp\/v2\/comments?post=270"}],"version-history":[{"count":2,"href":"https:\/\/solidaridadautogestion.noblogs.org\/wp-json\/wp\/v2\/pages\/270\/revisions"}],"predecessor-version":[{"id":280,"href":"https:\/\/solidaridadautogestion.noblogs.org\/wp-json\/wp\/v2\/pages\/270\/revisions\/280"}],"wp:attachment":[{"href":"https:\/\/solidaridadautogestion.noblogs.org\/wp-json\/wp\/v2\/media?parent=270"}],"curies":[{"name":"wp","href":"https:\/\/api.w.org\/{rel}","templated":true}]}}