{"id":67,"date":"2025-09-12T14:34:49","date_gmt":"2025-09-12T12:34:49","guid":{"rendered":"https:\/\/solidaridadautogestion.noblogs.org\/?page_id=67"},"modified":"2025-10-14T16:12:36","modified_gmt":"2025-10-14T14:12:36","slug":"appel","status":"publish","type":"page","link":"https:\/\/solidaridadautogestion.noblogs.org\/fr\/appel\/","title":{"rendered":"Appel"},"content":{"rendered":"\n<p><strong>Appel \u00e0 rejoindre le Comit\u00e9 international de solidarit\u00e9 avec l\u2019autogestion en Argentine<\/strong><\/p>\n\n\n\n<p>Les entreprises r\u00e9cup\u00e9r\u00e9es par les travailleur-se-s en Argentine constituent le mouvement contemporain le plus embl\u00e9matique de l\u2019autogestion du travail, non seulement en Am\u00e9rique latine, mais \u00e9galement dans le monde entier. Apparues dans les ann\u00e9es 1990, au plus fort du n\u00e9olib\u00e9ralisme, elles ont acquis une visibilit\u00e9 mondiale apr\u00e8s la crise argentine de 2001, avec plus d\u2019une centaine d\u2019occupations d\u2019usines et d\u2019entreprises de toutes sortes. Aujourd\u2019hui, le mouvement compte plus de 400 coop\u00e9ratives de travailleurs dans toute l\u2019Argentine, qu\u2019il s\u2019agisse d\u2019usines industrielles, de producteurs de denr\u00e9es alimentaires ou de prestataires de services en tout genre, y compris des \u00e9coles et des h\u00f4pitaux. Pr\u00e8s de 14 000 travailleurs vivent du travail autog\u00e9r\u00e9 de ces entreprises, qui \u00e9taient en faillite et abandonn\u00e9es par le capital, et qui ont \u00e9t\u00e9 remises en service dans le cadre de l\u2019autogestion gr\u00e2ce \u00e0 la lutte, \u00e0 la volont\u00e9 et \u00e0 la cr\u00e9ativit\u00e9 de leurs travailleurs. L\u2019\u00e9mergence des entreprises r\u00e9cup\u00e9r\u00e9es a remis en d\u00e9bat au sein de la classe ouvri\u00e8re et des mouvements sociaux, l\u2019exp\u00e9rience historique de l\u2019autogestion, en la portant au-del\u00e0 du coop\u00e9rativisme institutionnel.<\/p>\n\n\n\n<p>Cette exp\u00e9rience est menac\u00e9e par le gouvernement d\u2019extr\u00eame droite et ultra-lib\u00e9ral de Javier Milei, qui gouverne l\u2019Argentine depuis d\u00e9cembre 2023. Bien qu\u2019il n\u2019y ait eu, jusqu\u2019\u00e0 pr\u00e9sent, aucune attaque directe contre les entreprises r\u00e9cup\u00e9r\u00e9es, elles repr\u00e9sentent tout ce que Milei et son gouvernement attaquent : une exp\u00e9rience collective, de gestion communautaire et de solidarit\u00e9, \u00e0 l\u2019oppos\u00e9 de la jungle du march\u00e9 domin\u00e9e par les entreprises transnationales qu\u2019il propose et qui est en train de transformer le pays. Le gouvernement de Milei est un laboratoire pour le projet de fascisme de march\u00e9, d\u00e9truisant toutes sortes de r\u00e9glementations publiques en faveur des droits du peuple, attaquant en particulier la sant\u00e9, l\u2019\u00e9ducation et les droits du travail, conduisant l\u2019industrie locale \u00e0 l\u2019effondrement et les revenus des travailleurs \u00e0 la limite de la subsistance, tout en r\u00e9primant toute opposition et en alignant inconditionnellement l\u2019Argentine sur les gouvernements de Donald Trump et de Benjamin Netanyahou. Bien qu\u2019elle ne soit pas le seul pays au monde gouvern\u00e9 par cette variante de l\u2019ultra-droite, ce serait un exemple dangereux \u00e0 imiter, s\u2019il devait s\u2019imposer dans un pays caract\u00e9ris\u00e9 par un mouvement social fort comme l\u2019est l\u2019Argentine.<\/p>\n\n\n\n<p>En particulier, l\u2019exp\u00e9rience des entreprises r\u00e9cup\u00e9r\u00e9es est soumise \u00e0 la destruction \u00e9conomique, la chute de la production, la baisse de la consommation et l\u2019agression des juges, des m\u00e9dias et l\u2019intensification de la r\u00e9pression. Une vingtaine de coop\u00e9ratives ont ferm\u00e9 leurs portes du fait de cette situation et d\u2019autres connaissent une baisse de leur activit\u00e9 avec des pourcentages allant de 20 \u00e0 80% de leur capacit\u00e9 productive. Nous pensons que la pr\u00e9servation du meilleur de l\u2019exp\u00e9rience autogestionnaire mondiale n\u2019est pas seulement une lutte valable en Argentine, mais qu\u2019elle concerne \u00e9galement le mouvement social mondial.<\/p>\n\n\n\n<p>Pour cette raison, plusieurs organisations et personnes de diff\u00e9rents pays, pour la plupart \u2013 mais pas exclusivement \u2013 membres du r\u00e9seau international de l\u2019\u00e9conomie des travailleur-se-s, ont d\u00e9cid\u00e9 de former ce Comit\u00e9 International de Solidarit\u00e9 avec l\u2019Autogestion en Argentine. Son but est de collaborer au maintien du mouvement, tant par la diffusion de ses difficult\u00e9s que par des campagnes de solidarit\u00e9 active pour aider l\u2019organisation en Argentine ; par la circulation de ses produits, pour le rendre visible et par l\u2019aide \u00e9conomique, dans diff\u00e9rents pays du monde, en valorisant l\u2019exemple du travail et de la production sans patrons.<\/p>\n\n\n\n<p>Nous appelons les organisations qui veulent collaborer et \u00eatre solidaires \u00e0 rejoindre ce comit\u00e9 et \u00e0 organiser et proposer des actions pour renforcer et soutenir une exp\u00e9rience qui est un exemple mondial d\u2019autogestion et de lutte.<\/p>\n\n\n\n<h2 class=\"wp-block-heading\">Signataire<\/h2>\n\n\n\n<ul class=\"wp-block-list\">\n<li>ADL Cobas, Italia<\/li>\n\n\n\n<li>Arci Pasol Partinico, Italia<\/li>\n\n\n\n<li>Association pour l&rsquo;Autogestion, Francia<\/li>\n\n\n\n<li>Association UTOPIE REALISTE Ecologie, Autogestion (AUREA), Francia<\/li>\n\n\n\n<li>Autogestione in Movimento &#8211; Fuorimercato, Italia&nbsp;<\/li>\n\n\n\n<li>Centre for Learning, Social Economy &amp; Work, University of Toronto, Canada (de parte de Marcelo Vieta)<\/li>\n\n\n\n<li>Cerises La Cooop\u00e9rative, Francia<\/li>\n\n\n\n<li>CLAP, Italia<\/li>\n\n\n\n<li>COBAS Lavoro Privato, Italia<\/li>\n\n\n\n<li>Colectivo Argentina en lucha Paris, Francia<\/li>\n\n\n\n<li>Collettivo di Fabbrica Lavoratori GKN, Italia<\/li>\n\n\n\n<li>Comunet Officine Corsare, Italia<\/li>\n\n\n\n<li>Confederaci\u00f3n Sindical Solidaridad Obrera, Espa\u00f1a<\/li>\n\n\n\n<li>Confederaci\u00f3n General del Trabajo CGT (Esp)<\/li>\n\n\n\n<li>ContadinAzioni-FuoriMercato, Italia<\/li>\n\n\n\n<li>Cooperativa Il Gabbiano, Italia<\/li>\n\n\n\n<li>Dario Azzellini<\/li>\n\n\n\n<li>\u00c9cole d&rsquo;innovation sociale Elisabeth-Bruyere, Universit\u00e9 Saint-Paul, Canada<\/li>\n\n\n\n<li>\u00c9ditions Syllepse, Francia<\/li>\n\n\n\n<li>Edizioni Alegre, Italia<\/li>\n\n\n\n<li>Entre les lignes entre les mots, Francia<\/li>\n\n\n\n<li>Federaci\u00f3n de Cooperativas Autogestionadas de la Rep\u00fablica Argentina (FEDECARA), Argentina<\/li>\n\n\n\n<li>France Am\u00e9rique latine (FAL), Francia<\/li>\n\n\n\n<li>Initiative demokratische Arbeitszeitrechnung (IDA), Alemania<\/li>\n\n\n\n<li>Instituto de Ciencias Econ\u00f3micas y de la Autogesti\u00f3n (ICEA), Espa\u00f1a<\/li>\n\n\n\n<li>International Labour Network of Solidarity and Struggle<\/li>\n\n\n\n<li>Labournet TV, Alemania<\/li>\n\n\n\n<li>Nouveau parti anticapitaliste (NPA-l\u2019Anticapitaliste), Francia<\/li>\n\n\n\n<li>Olatukoop (cooperativas, asociaciones populares y los agentes socioecon\u00f3micos cooperativos de la Econom\u00eda Social Transformadora). Euskal Herria \/ Pa\u00eds Vasco<\/li>\n\n\n\n<li>Partito della Rifondazione Comunista &#8211; S.E., Italia<\/li>\n\n\n\n<li>Pour une \u00e9cologie populaire et sociale (PEPS), Francia<\/li>\n\n\n\n<li>R\u00e9seau Coop\u00e9ratif de Gauche Alternative (RCGA), Francia<\/li>\n\n\n\n<li>R\u00e9seau syndical international de solidarit\u00e9 et de luttes, Francia<\/li>\n\n\n\n<li>RiMaflow Fuorimercato, Italia<\/li>\n\n\n\n<li>SIAL Cobas, Italia<\/li>\n\n\n\n<li>Sinistra Progetto Comune, Firenze, Italia<\/li>\n\n\n\n<li>Solidarit\u00e9 Am\u00e9rique latine Ard\u00e8che (SOLAL 07), Francia<\/li>\n\n\n\n<li>SOMS Insorgiamo, Italia<\/li>\n\n\n\n<li>Union communiste libertaire, Francia<\/li>\n\n\n\n<li>Union syndicale Solidaires, Francia<\/li>\n<\/ul>\n\n\n\n<p><\/p>\n","protected":false},"excerpt":{"rendered":"<p>Appel \u00e0 rejoindre le Comit\u00e9 international de solidarit\u00e9 avec l\u2019autogestion en Argentine Les entreprises r\u00e9cup\u00e9r\u00e9es par les travailleur-se-s en Argentine constituent le mouvement contemporain le plus embl\u00e9matique de l\u2019autogestion du travail, non seulement en Am\u00e9rique latine, mais \u00e9galement dans le monde entier. Apparues dans les ann\u00e9es 1990, au plus fort du n\u00e9olib\u00e9ralisme, elles ont acquis&hellip; <a class=\"more-link\" href=\"https:\/\/solidaridadautogestion.noblogs.org\/fr\/appel\/\">Poursuivre la lecture <span class=\"screen-reader-text\">Appel<\/span><\/a><\/p>\n","protected":false},"author":21123,"featured_media":0,"parent":0,"menu_order":0,"comment_status":"closed","ping_status":"closed","template":"","meta":{"_locale":"fr_FR","_original_post":"https:\/\/solidaridadautogestion.noblogs.org\/?page_id=8","footnotes":""},"class_list":["post-67","page","type-page","status-publish","hentry","fr-FR","entry"],"_links":{"self":[{"href":"https:\/\/solidaridadautogestion.noblogs.org\/wp-json\/wp\/v2\/pages\/67","targetHints":{"allow":["GET"]}}],"collection":[{"href":"https:\/\/solidaridadautogestion.noblogs.org\/wp-json\/wp\/v2\/pages"}],"about":[{"href":"https:\/\/solidaridadautogestion.noblogs.org\/wp-json\/wp\/v2\/types\/page"}],"author":[{"embeddable":true,"href":"https:\/\/solidaridadautogestion.noblogs.org\/wp-json\/wp\/v2\/users\/21123"}],"replies":[{"embeddable":true,"href":"https:\/\/solidaridadautogestion.noblogs.org\/wp-json\/wp\/v2\/comments?post=67"}],"version-history":[{"count":3,"href":"https:\/\/solidaridadautogestion.noblogs.org\/wp-json\/wp\/v2\/pages\/67\/revisions"}],"predecessor-version":[{"id":220,"href":"https:\/\/solidaridadautogestion.noblogs.org\/wp-json\/wp\/v2\/pages\/67\/revisions\/220"}],"wp:attachment":[{"href":"https:\/\/solidaridadautogestion.noblogs.org\/wp-json\/wp\/v2\/media?parent=67"}],"curies":[{"name":"wp","href":"https:\/\/api.w.org\/{rel}","templated":true}]}}