{"id":73,"date":"2025-09-12T14:42:14","date_gmt":"2025-09-12T12:42:14","guid":{"rendered":"https:\/\/solidaridadautogestion.noblogs.org\/?page_id=73"},"modified":"2025-10-14T16:11:43","modified_gmt":"2025-10-14T14:11:43","slug":"appello","status":"publish","type":"page","link":"https:\/\/solidaridadautogestion.noblogs.org\/it\/appello\/","title":{"rendered":"Appello"},"content":{"rendered":"\n<p><strong>Comitato internazionale di solidariet\u00e0 con l&#8217;autogestione in Argentina<\/strong><\/p>\n\n\n\n<p>Le imprese recuperate dai lavoratori e dalle lavoratrici in Argentina (empresas recuperadas por sus trabajadores, ERT) sono il movimento contemporaneo pi\u00f9 emblematico di autogestione del lavoro, non solo in America Latina ma nel modo intero. Sorte negli anni &#8217;90 nell&#8217;auge del neoliberismo, hanno acquisito visibilit\u00e0 mondiale a partire dalla crisi argentina del 2001, con pi\u00f9 di cento occupazioni di fabbrica e di imprese di ogni tipo. Attualmente, il movimento conta con pi\u00f9 di 400 cooperative di lavoratori e lavoratrici in tutto il territorio argentino, con attivit\u00e0 industriali, di produzione alimentare e di servizi di vario genere, ivi comprese scuole e ospedali.<\/p>\n\n\n\n<p>Circa 14000 lavoratori e lavoratrici vivono del lavoro in autogestione di queste imprese fallite e abbandonate dal&nbsp;capitale e rimesse in funzione in autogestione frutto della lotta, della volont\u00e0 e della creativit\u00e0 dei propri operai e operaie. L&#8217;apparizione delle imprese recuperate ha riproposto nel dibattito della classe operaia e dei movimenti sociali l&#8217;esperienza storica dell&#8217;autogestione, andando oltre il cooperativismo istituzionale.<\/p>\n\n\n\n<p>Questa esperienza \u00e8 a rischio sotto il governo di estrema destra e ultraliberista di Javier Milei, che governa l&#8217;Argentina dal dicembre 2023. Se finora non c&#8217;\u00e8 un attacco diretto alle imprese recuperate, queste rappresentano tutto quel&nbsp;che Milei e il suo governo colpiscono: un&#8217;esperienza collettiva, con gestione comunitaria e solidale, esattamente il contrario della giungla del mercato dominata dalle multinazionali che viene proposta e in cui sta trasformando il paese.&nbsp;<\/p>\n\n\n\n<p>Il governo Milei \u00e8 un laboratorio&nbsp;del progetto di fascismo di mercato, che distrugge ogni tipo di regola pubblica a favore dei diritti del popolo, attaccando in particolare la sanit\u00e0, l&#8217;istruzione e i diritti del lavoro, portando al&nbsp;collasso l&#8217;industria locale e riducendo a livello di sussistenza le entrate dei lavoratori; mentre reprime tutta l&#8217;opposizione e allinea incondizionatamente l&#8217;Argentina ai governi di Donald Trump e di Benjamin Netanyahu.<\/p>\n\n\n\n<p>Pur non essendo l&#8217;unico paese al mondo governato da questa variante di estrema destra, si tratta di un&nbsp;pericoloso esempio da imitare, se sar\u00e0 in grado di dimostrare la possibilit\u00e0 di imporsi in un paese caratterizzato da un forte movimento sociale.<\/p>\n\n\n\n<p>In particolare, l&#8217;esperienza delle imprese&nbsp;recuperate \u00e8 assediata dalla distruzione economica, dall&#8217;abbassamento della&nbsp;produzione, dalla caduta dei consumi e dall&#8217;aggressione da&nbsp;parte della magistratura e dei mezzi di comunicazione e dall&#8217; aumento della repressione. Una ventina di cooperative hanno chiuso a causa di questa situazione e in altre si produce una caduta di attivit\u00e0 tra il 20 e l&#8217;80% delle proprie capacit\u00e0. Crediamo che preservare il meglio dell&#8217;esperienza autogestionaria mondiale non \u00e8 solo una lotta che vale per l&#8217;Argentina, ma \u00e8 importante per il movimento sociale mondiale. Per questo, diverse organizzazioni e&nbsp;persone di vari paesi, in gran parte &#8211; ma non esclusivamente &#8211; partecipanti della Rete internazionale Economia dei lavoratori e delle lavoratrici, abbiamo deciso di&nbsp;formare questo &#8216;Comitato internazionale&nbsp;di solidariet\u00e0 con l&#8217;Autogestione in Argentina&#8217;, con l&#8217;obiettivo di collaborare al sostegno del movimento, sia con la diffusione delle sue problematiche sia con campagne di solidariet\u00e0 attiva per aiutare l&#8217;organizzazione in Argentina attraverso la distribuzione dei prodotti, per dare visibilit\u00e0 e aiuto economico in vari paesi del mondo, portando l&#8217;esempio del lavoro e della produzione senza padroni.<\/p>\n\n\n\n<p>Facciamo appello&nbsp;a quanti vogliano collaborare e&nbsp;solidarizzare a far parte di questo comitato e organizzare e proporre azioni per rafforzare e sostenere un&#8217;esperienza che \u00e8 esempio globale di autogestione e di lotta.<\/p>\n\n\n\n<h2 class=\"wp-block-heading\">Firmatari<\/h2>\n\n\n\n<ul class=\"wp-block-list\">\n<li>ADL Cobas, Italia<\/li>\n\n\n\n<li>Arci Pasol Partinico, Italia<\/li>\n\n\n\n<li>Association pour l&#8217;Autogestion, Francia<\/li>\n\n\n\n<li>Association UTOPIE REALISTE Ecologie, Autogestion (AUREA), Francia<\/li>\n\n\n\n<li>Autogestione in Movimento &#8211; Fuorimercato, Italia&nbsp;<\/li>\n\n\n\n<li>Centre for Learning, Social Economy &amp; Work, University of Toronto, Canada (de parte de Marcelo Vieta)<\/li>\n\n\n\n<li>Cerises La Cooop\u00e9rative, Francia<\/li>\n\n\n\n<li>CLAP, Italia<\/li>\n\n\n\n<li>COBAS Lavoro Privato, Italia<\/li>\n\n\n\n<li>Colectivo Argentina en lucha Paris, Francia<\/li>\n\n\n\n<li>Collettivo di Fabbrica Lavoratori GKN, Italia<\/li>\n\n\n\n<li>Comunet Officine Corsare, Italia<\/li>\n\n\n\n<li>Confederaci\u00f3n Sindical Solidaridad Obrera, Espa\u00f1a<\/li>\n\n\n\n<li>Confederaci\u00f3n General del Trabajo CGT (Esp)<\/li>\n\n\n\n<li>ContadinAzioni-FuoriMercato, Italia<\/li>\n\n\n\n<li>Cooperativa Il Gabbiano, Italia<\/li>\n\n\n\n<li>Dario Azzellini<\/li>\n\n\n\n<li>\u00c9cole d&#8217;innovation sociale Elisabeth-Bruyere, Universit\u00e9 Saint-Paul, Canada<\/li>\n\n\n\n<li>\u00c9ditions Syllepse, Francia<\/li>\n\n\n\n<li>Edizioni Alegre, Italia<\/li>\n\n\n\n<li>Entre les lignes entre les mots, Francia<\/li>\n\n\n\n<li>Federaci\u00f3n de Cooperativas Autogestionadas de la Rep\u00fablica Argentina (FEDECARA), Argentina<\/li>\n\n\n\n<li>France Am\u00e9rique latine (FAL), Francia<\/li>\n\n\n\n<li>Initiative demokratische Arbeitszeitrechnung (IDA), Alemania<\/li>\n\n\n\n<li>Instituto de Ciencias Econ\u00f3micas y de la Autogesti\u00f3n (ICEA), Espa\u00f1a<\/li>\n\n\n\n<li>International Labour Network of Solidarity and Struggle<\/li>\n\n\n\n<li>Labournet TV, Alemania<\/li>\n\n\n\n<li>Nouveau parti anticapitaliste (NPA-l\u2019Anticapitaliste), Francia<\/li>\n\n\n\n<li>Olatukoop (cooperativas, asociaciones populares y los agentes socioecon\u00f3micos cooperativos de la Econom\u00eda Social Transformadora). Euskal Herria \/ Pa\u00eds Vasco<\/li>\n\n\n\n<li>Partito della Rifondazione Comunista &#8211; S.E., Italia<\/li>\n\n\n\n<li>Pour une \u00e9cologie populaire et sociale (PEPS), Francia<\/li>\n\n\n\n<li>R\u00e9seau Coop\u00e9ratif de Gauche Alternative (RCGA), Francia<\/li>\n\n\n\n<li>R\u00e9seau syndical international de solidarit\u00e9 et de luttes, Francia<\/li>\n\n\n\n<li>RiMaflow Fuorimercato, Italia<\/li>\n\n\n\n<li>SIAL Cobas, Italia<\/li>\n\n\n\n<li>Sinistra Progetto Comune, Firenze, Italia<\/li>\n\n\n\n<li>Solidarit\u00e9 Am\u00e9rique latine Ard\u00e8che (SOLAL 07), Francia<\/li>\n\n\n\n<li>SOMS Insorgiamo, Italia<\/li>\n\n\n\n<li>Union communiste libertaire, Francia<\/li>\n\n\n\n<li>Union syndicale Solidaires, Francia<\/li>\n<\/ul>\n","protected":false},"excerpt":{"rendered":"<p>Comitato internazionale di solidariet\u00e0 con l&#8217;autogestione in Argentina Le imprese recuperate dai lavoratori e dalle lavoratrici in Argentina (empresas recuperadas por sus trabajadores, ERT) sono il movimento contemporaneo pi\u00f9 emblematico di autogestione del lavoro, non solo in America Latina ma nel modo intero. Sorte negli anni &#8217;90 nell&#8217;auge del neoliberismo, hanno acquisito visibilit\u00e0 mondiale a&hellip; <a class=\"more-link\" href=\"https:\/\/solidaridadautogestion.noblogs.org\/it\/appello\/\">Continua a leggere <span class=\"screen-reader-text\">Appello<\/span><\/a><\/p>\n","protected":false},"author":21123,"featured_media":0,"parent":0,"menu_order":0,"comment_status":"closed","ping_status":"closed","template":"","meta":{"_locale":"it_IT","_original_post":"https:\/\/solidaridadautogestion.noblogs.org\/?page_id=8","footnotes":""},"class_list":["post-73","page","type-page","status-publish","hentry","it-IT","entry"],"_links":{"self":[{"href":"https:\/\/solidaridadautogestion.noblogs.org\/wp-json\/wp\/v2\/pages\/73","targetHints":{"allow":["GET"]}}],"collection":[{"href":"https:\/\/solidaridadautogestion.noblogs.org\/wp-json\/wp\/v2\/pages"}],"about":[{"href":"https:\/\/solidaridadautogestion.noblogs.org\/wp-json\/wp\/v2\/types\/page"}],"author":[{"embeddable":true,"href":"https:\/\/solidaridadautogestion.noblogs.org\/wp-json\/wp\/v2\/users\/21123"}],"replies":[{"embeddable":true,"href":"https:\/\/solidaridadautogestion.noblogs.org\/wp-json\/wp\/v2\/comments?post=73"}],"version-history":[{"count":3,"href":"https:\/\/solidaridadautogestion.noblogs.org\/wp-json\/wp\/v2\/pages\/73\/revisions"}],"predecessor-version":[{"id":219,"href":"https:\/\/solidaridadautogestion.noblogs.org\/wp-json\/wp\/v2\/pages\/73\/revisions\/219"}],"wp:attachment":[{"href":"https:\/\/solidaridadautogestion.noblogs.org\/wp-json\/wp\/v2\/media?parent=73"}],"curies":[{"name":"wp","href":"https:\/\/api.w.org\/{rel}","templated":true}]}}