{"id":166,"date":"2025-09-16T18:44:25","date_gmt":"2025-09-16T16:44:25","guid":{"rendered":"https:\/\/solidaridadautogestion.noblogs.org\/?page_id=166"},"modified":"2025-10-24T17:01:46","modified_gmt":"2025-10-24T15:01:46","slug":"sobre-nos","status":"publish","type":"page","link":"https:\/\/solidaridadautogestion.noblogs.org\/pt\/sobre-nos\/","title":{"rendered":"Quem somos"},"content":{"rendered":"\n<p>O Comit\u00ea Internacional de Solidariedade com a Autogest\u00e3o na Argentina \u00e9 composto por diversas organiza\u00e7\u00f5es e indiv\u00edduos de diferentes pa\u00edses, em grande parte \u2014 mas n\u00e3o exclusivamente \u2014 membros da rede internacional da Economia dos Trabalhadores, com o objetivo de colaborar para sustentar o movimento de empresas recuperadas pelos trabalhadores e outras iniciativas de autogest\u00e3o na Argentina, que correm risco de sobreviv\u00eancia sob o modelo ultraliberal e fascista do governo de Javier Milei.<\/p>\n\n\n\n<p>O Comit\u00ea visa trabalhar a solidariedade ativa, tanto na dissemina\u00e7\u00e3o do movimento autogestion\u00e1rio e do trabalho sem patr\u00e3o, quanto em campanhas para ajudar a sustentar a produ\u00e7\u00e3o autogestion\u00e1ria e a circula\u00e7\u00e3o de seus produtos, como forma de visibilidade e ajuda econ\u00f4mica concreta. Este comit\u00ea j\u00e1 inclui representantes de organiza\u00e7\u00f5es autogestion\u00e1rias e de trabalhadores de v\u00e1rios pa\u00edses europeus (como Espanha, It\u00e1lia, Fran\u00e7a, Alemanha e Gr\u00e9cia), da Am\u00e9rica do Norte (Canad\u00e1 e Estados Unidos) e, claro, da Am\u00e9rica Latina. Este apoio \u00e9 fundamental e cada vez mais importante \u00e0 medida que se aproxima o momento dif\u00edcil e inevit\u00e1vel da explos\u00e3o deste modelo invi\u00e1vel para a vida dos povos, no qual, mais do que nunca, o incentivo e a solidariedade internacionais devem desempenhar um papel fundamental, como em muitos outros momentos da hist\u00f3ria da classe trabalhadora mundial.<\/p>\n\n\n\n<p>Convocamos todos aqueles que desejam colaborar e se solidarizar para que se unam a este comit\u00ea e se organizem e proponham a\u00e7\u00f5es para fortalecer e sustentar uma experi\u00eancia que \u00e9 um exemplo mundial de autogest\u00e3o e luta.<\/p>\n\n\n\n<p>Contato:<\/p>\n\n\n\n<ul class=\"wp-block-list\">\n<li>solidaridadERT@proton.me <\/li>\n<\/ul>\n\n\n\n<p><\/p>\n","protected":false},"excerpt":{"rendered":"<p>O Comit\u00ea Internacional de Solidariedade com a Autogest\u00e3o na Argentina \u00e9 composto por diversas organiza\u00e7\u00f5es e indiv\u00edduos de diferentes pa\u00edses, em grande parte \u2014 mas n\u00e3o exclusivamente \u2014 membros da rede internacional da Economia dos Trabalhadores, com o objetivo de colaborar para sustentar o movimento de empresas recuperadas pelos trabalhadores e outras iniciativas de autogest\u00e3o&hellip; <a class=\"more-link\" href=\"https:\/\/solidaridadautogestion.noblogs.org\/pt\/sobre-nos\/\">Continue a ler <span class=\"screen-reader-text\">Quem somos<\/span><\/a><\/p>\n","protected":false},"author":21249,"featured_media":0,"parent":0,"menu_order":0,"comment_status":"closed","ping_status":"closed","template":"","meta":{"_locale":"pt_PT","_original_post":"https:\/\/solidaridadautogestion.noblogs.org\/?page_id=10","footnotes":""},"class_list":["post-166","page","type-page","status-publish","hentry","pt-PT","entry"],"_links":{"self":[{"href":"https:\/\/solidaridadautogestion.noblogs.org\/wp-json\/wp\/v2\/pages\/166","targetHints":{"allow":["GET"]}}],"collection":[{"href":"https:\/\/solidaridadautogestion.noblogs.org\/wp-json\/wp\/v2\/pages"}],"about":[{"href":"https:\/\/solidaridadautogestion.noblogs.org\/wp-json\/wp\/v2\/types\/page"}],"author":[{"embeddable":true,"href":"https:\/\/solidaridadautogestion.noblogs.org\/wp-json\/wp\/v2\/users\/21249"}],"replies":[{"embeddable":true,"href":"https:\/\/solidaridadautogestion.noblogs.org\/wp-json\/wp\/v2\/comments?post=166"}],"version-history":[{"count":2,"href":"https:\/\/solidaridadautogestion.noblogs.org\/wp-json\/wp\/v2\/pages\/166\/revisions"}],"predecessor-version":[{"id":256,"href":"https:\/\/solidaridadautogestion.noblogs.org\/wp-json\/wp\/v2\/pages\/166\/revisions\/256"}],"wp:attachment":[{"href":"https:\/\/solidaridadautogestion.noblogs.org\/wp-json\/wp\/v2\/media?parent=166"}],"curies":[{"name":"wp","href":"https:\/\/api.w.org\/{rel}","templated":true}]}}